{"id":829,"date":"2015-05-21T17:10:58","date_gmt":"2015-05-21T17:10:58","guid":{"rendered":"https:\/\/karmamakina.com\/?page_id=829"},"modified":"2022-07-29T07:40:42","modified_gmt":"2022-07-29T07:40:42","slug":"metax-enjeksiyon-pompalari","status":"publish","type":"page","link":"https:\/\/karmamakina.com\/en\/metax-enjeksiyon-pompalari\/","title":{"rendered":"Injection Pumps"},"content":{"rendered":"<div class=\"vc_row wpb_row vc_row-fluid\"><div class=\"wpb_column vc_column_container vc_col-sm-12\"><div class=\"vc_column-inner\"><div class=\"wpb_wrapper\">\n<div class=\"vc_grid-container-wrapper vc_clearfix vc_grid-animation-fadeIn\">\n\t<div class=\"vc_grid-container vc_clearfix wpb_content_element vc_media_grid\" data-initial-loading-animation=\"fadeIn\" data-vc-grid-settings=\"{&quot;page_id&quot;:829,&quot;style&quot;:&quot;all&quot;,&quot;action&quot;:&quot;vc_get_vc_grid_data&quot;,&quot;shortcode_id&quot;:&quot;1659080410540-537fb900-2092-7&quot;,&quot;tag&quot;:&quot;vc_media_grid&quot;}\" data-vc-request=\"https:\/\/karmamakina.com\/wp-admin\/admin-ajax.php\" data-vc-post-id=\"829\" data-vc-public-nonce=\"76ac108072\">\n\t\t\n\t<\/div>\n<\/div><div class='table-responsive'><table class='table'><thead ><tr><th>Model<\/th><th>max electric power<\/th><th>max. pressure<\/th><th>max. flow<\/th><\/tr><\/thead><tbody><tr><td>IP90V<\/td><td>5,5 &#8211; 7,5<\/td><td>100-120<\/td><td>38 &#8211; 40<\/td><\/tr><tr><td>IP100V<\/td><td>45<\/td><td>230<\/td><td>170<\/td><\/tr><tr><td>IP120V<\/td><td>7,5 &#8211; 10<\/td><td>85-100<\/td><td>63 &#8211; 80<\/td><\/tr><tr><td>IP75H<\/td><td>18<\/td><td>45-80<\/td><td>100 &#8211; 201<\/td><\/tr><tr><td>IP90H<\/td><td>22 &#8211; 45<\/td><td>50-200<\/td><td>100 &#8211; 212<\/td><\/tr><tr><td>IP115H<\/td><td>30<\/td><td>75-125<\/td><td>123 &#8211; 205<\/td><\/tr><tr><td>IP140H<\/td><td>45 &#8211; 75<\/td><td>40-100<\/td><td>280 &#8211; 435<\/td><\/tr><tr><td>IP190H<\/td><td>45 &#8211; 75<\/td><td>140-190<\/td><td>30 &#8211; 60<\/td><\/tr><tr><td><\/td><td><\/td><td><\/td><td><\/td><\/tr><\/tbody><\/table><\/div><\/div><\/div><\/div><\/div>","protected":false},"excerpt":{"rendered":"ModelMax Elektrik G\u00fc\u00e7 kWMax. Bas\u0131n\u00e7 barMax. Debi l\/dakIP90V5,5 - 7,5100-12038 - 40IP100V45230170IP120V7,5 - 1085-10063 - 80IP75H1845-80100 - 201IP90H22 - 4550-200100 - 212IP115H3075-125123 - 205IP140H45 - 7540-100280 - 435IP190H45 - 75140-19030 - 60","protected":false},"author":1,"featured_media":0,"parent":0,"menu_order":0,"comment_status":"closed","ping_status":"closed","template":"","meta":{"footnotes":""},"class_list":["post-829","page","type-page","status-publish","hentry"],"_links":{"self":[{"href":"https:\/\/karmamakina.com\/en\/wp-json\/wp\/v2\/pages\/829","targetHints":{"allow":["GET"]}}],"collection":[{"href":"https:\/\/karmamakina.com\/en\/wp-json\/wp\/v2\/pages"}],"about":[{"href":"https:\/\/karmamakina.com\/en\/wp-json\/wp\/v2\/types\/page"}],"author":[{"embeddable":true,"href":"https:\/\/karmamakina.com\/en\/wp-json\/wp\/v2\/users\/1"}],"replies":[{"embeddable":true,"href":"https:\/\/karmamakina.com\/en\/wp-json\/wp\/v2\/comments?post=829"}],"version-history":[{"count":2,"href":"https:\/\/karmamakina.com\/en\/wp-json\/wp\/v2\/pages\/829\/revisions"}],"predecessor-version":[{"id":1320,"href":"https:\/\/karmamakina.com\/en\/wp-json\/wp\/v2\/pages\/829\/revisions\/1320"}],"wp:attachment":[{"href":"https:\/\/karmamakina.com\/en\/wp-json\/wp\/v2\/media?parent=829"}],"curies":[{"name":"wp","href":"https:\/\/api.w.org\/{rel}","templated":true}]}}