{"id":1219,"date":"2022-06-07T15:00:18","date_gmt":"2022-06-07T15:00:18","guid":{"rendered":"https:\/\/karmamakina.com\/?page_id=1219"},"modified":"2026-04-09T07:37:54","modified_gmt":"2026-04-09T07:37:54","slug":"zemin-comacchio-fore-kazik-makinalari","status":"publish","type":"page","link":"https:\/\/karmamakina.com\/en\/zemin-comacchio-fore-kazik-makinalari\/","title":{"rendered":"Piling Machines"},"content":{"rendered":"<div class=\"vc_row wpb_row vc_row-fluid\"><div class=\"wpb_column vc_column_container vc_col-sm-12\"><div class=\"vc_column-inner\"><div class=\"wpb_wrapper\">\n<div class=\"vc_grid-container-wrapper vc_clearfix vc_grid-animation-fadeIn\">\n\t<div class=\"vc_grid-container vc_clearfix wpb_content_element vc_media_grid vc_custom_1775720171013\" data-initial-loading-animation=\"fadeIn\" data-vc-grid-settings=\"{&quot;page_id&quot;:1219,&quot;style&quot;:&quot;all&quot;,&quot;action&quot;:&quot;vc_get_vc_grid_data&quot;,&quot;shortcode_id&quot;:&quot;1775720182827-69abc33b-1fcf-10&quot;,&quot;tag&quot;:&quot;vc_media_grid&quot;}\" data-vc-request=\"https:\/\/karmamakina.com\/wp-admin\/admin-ajax.php\" data-vc-post-id=\"1219\" data-vc-public-nonce=\"027d1458ac\">\n\t\t\n\t<\/div>\n<\/div><div class='table-responsive'><table class='table table-striped table-bordered'><thead ><tr><th>Model<\/th><th>engine<\/th><th>max. torque<\/th><th>approx. weight<\/th><\/tr><\/thead><tbody><tr><td>CH 4<\/td><td>54<\/td><td>44<\/td><td>15<\/td><\/tr><tr><td>CH 12 CS<\/td><td>123 &#8211; 142<\/td><td>132<\/td><td>30<\/td><\/tr><tr><td>CH 12 WS<\/td><td>123 &#8211; 142<\/td><td>132<\/td><td>30<\/td><\/tr><tr><td>CH 18<\/td><td>201 &#8211; 209<\/td><td>190<\/td><td>45<\/td><\/tr><tr><td>CHF 50<\/td><td>201 &#8211; 231<\/td><td>184<\/td><td>46<\/td><\/tr><tr><td>CH 23<\/td><td>240 &#8211; 261<\/td><td>262<\/td><td>70<\/td><\/tr><tr><td>CH 36<\/td><td>345 &#8211; 405<\/td><td>360<\/td><td>100<\/td><\/tr><tr><td>CHF 90<\/td><td>345 &#8211; 405<\/td><td>280<\/td><td>100<\/td><\/tr><\/tbody><\/table><\/div><\/div><\/div><\/div><\/div>","protected":false},"excerpt":{"rendered":"ModelMotor G\u00fcc\u00fc (kW)Maks. Tork (kNm)Yakla\u015f\u0131k A\u011f\u0131rl\u0131k (t)CH 4544415CH 12 CS123 - 14213230CH 12 WS123 - 14213230CH 18201 - 20919045CHF 50201 - 23118446CH 23240 - 26126270CH 36345 - 405360100CHF 90345 - 405280100","protected":false},"author":1,"featured_media":0,"parent":0,"menu_order":0,"comment_status":"closed","ping_status":"closed","template":"","meta":{"footnotes":""},"class_list":["post-1219","page","type-page","status-publish","hentry"],"_links":{"self":[{"href":"https:\/\/karmamakina.com\/en\/wp-json\/wp\/v2\/pages\/1219","targetHints":{"allow":["GET"]}}],"collection":[{"href":"https:\/\/karmamakina.com\/en\/wp-json\/wp\/v2\/pages"}],"about":[{"href":"https:\/\/karmamakina.com\/en\/wp-json\/wp\/v2\/types\/page"}],"author":[{"embeddable":true,"href":"https:\/\/karmamakina.com\/en\/wp-json\/wp\/v2\/users\/1"}],"replies":[{"embeddable":true,"href":"https:\/\/karmamakina.com\/en\/wp-json\/wp\/v2\/comments?post=1219"}],"version-history":[{"count":6,"href":"https:\/\/karmamakina.com\/en\/wp-json\/wp\/v2\/pages\/1219\/revisions"}],"predecessor-version":[{"id":1502,"href":"https:\/\/karmamakina.com\/en\/wp-json\/wp\/v2\/pages\/1219\/revisions\/1502"}],"wp:attachment":[{"href":"https:\/\/karmamakina.com\/en\/wp-json\/wp\/v2\/media?parent=1219"}],"curies":[{"name":"wp","href":"https:\/\/api.w.org\/{rel}","templated":true}]}}